{"id":537,"date":"2023-11-19T14:25:04","date_gmt":"2023-11-19T07:25:04","guid":{"rendered":"https:\/\/pt.thailand-prayer.net\/?page_id=537"},"modified":"2026-04-15T12:23:05","modified_gmt":"2026-04-15T05:23:05","slug":"intro","status":"publish","type":"page","link":"https:\/\/pt.thailand-prayer.net\/index.php\/intro\/","title":{"rendered":"Introdu\u00e7\u00e3o"},"content":{"rendered":"\t\t<div data-elementor-type=\"wp-page\" data-elementor-id=\"537\" class=\"elementor elementor-537\">\n\t\t\t\t<div class=\"elementor-element elementor-element-e78e7c1 e-flex e-con-boxed e-con e-parent\" data-id=\"e78e7c1\" data-element_type=\"container\" data-e-type=\"container\">\n\t\t\t\t\t<div class=\"e-con-inner\">\n\t\t\t\t<div class=\"elementor-element elementor-element-af3881c elementor-widget elementor-widget-ekit-nav-menu\" data-id=\"af3881c\" data-element_type=\"widget\" data-e-type=\"widget\" data-widget_type=\"ekit-nav-menu.default\">\n\t\t\t\t<div class=\"elementor-widget-container\">\n\t\t\t\t\t\t\t<nav class=\"ekit-wid-con ekit_menu_responsive_tablet\"\n\t\t\tdata-hamburger-icon=\"\"\n\t\t\tdata-hamburger-icon-type=\"icon\"\n\t\t\tdata-responsive-breakpoint=\"1024\">\n\t\t\t            <button class=\"elementskit-menu-hamburger elementskit-menu-toggler\"  type=\"button\" aria-label=\"hamburger-icon\">\n                                    <span class=\"elementskit-menu-hamburger-icon\"><\/span><span class=\"elementskit-menu-hamburger-icon\"><\/span><span class=\"elementskit-menu-hamburger-icon\"><\/span>\n                            <\/button>\n            <div id=\"ekit-megamenu-menu\" class=\"elementskit-menu-container elementskit-menu-offcanvas-elements elementskit-navbar-nav-default ekit-nav-menu-one-page- ekit-nav-dropdown-hover\"><ul id=\"menu-menu\" class=\"elementskit-navbar-nav elementskit-menu-po-center submenu-click-on-icon\"><li id=\"menu-item-716\" class=\"menu-item menu-item-type-custom menu-item-object-custom menu-item-home menu-item-716 nav-item elementskit-mobile-builder-content\" data-vertical-menu=750px><a href=\"https:\/\/pt.thailand-prayer.net\/\" class=\"ekit-menu-nav-link\">P\u00e1gina Inicial<\/a><\/li>\n<li id=\"menu-item-718\" class=\"menu-item menu-item-type-custom menu-item-object-custom menu-item-718 nav-item elementskit-mobile-builder-content\" data-vertical-menu=750px><a href=\"https:\/\/pt.thailand-prayer.net\/index.php\/intro\/\" class=\"ekit-menu-nav-link\">Introdu\u00e7\u00e3o<\/a><\/li>\n<li id=\"menu-item-717\" class=\"menu-item menu-item-type-custom menu-item-object-custom menu-item-717 nav-item elementskit-mobile-builder-content\" data-vertical-menu=750px><a href=\"https:\/\/pt.thailand-prayer.net\/index.php\/how-to-use-this-website\/\" class=\"ekit-menu-nav-link\">Como usar este guid?<\/a><\/li>\n<li id=\"menu-item-715\" class=\"menu-item menu-item-type-custom menu-item-object-custom menu-item-715 nav-item elementskit-dropdown-has relative_position elementskit-dropdown-menu-default_width elementskit-megamenu-has elementskit-mobile-builder-content\" data-vertical-menu=750px><a href=\"#\" class=\"ekit-menu-nav-link\">Hist\u00f3rias<i aria-hidden=\"true\" class=\"icon icon-down-arrow1 elementskit-submenu-indicator\"><\/i><\/a><div class=\"elementskit-megamenu-panel\">\t\t<div data-elementor-type=\"wp-post\" data-elementor-id=\"721\" class=\"elementor elementor-721\">\n\t\t\t\t<div class=\"elementor-element elementor-element-71ab4a8 e-flex e-con-boxed e-con e-parent\" data-id=\"71ab4a8\" data-element_type=\"container\" data-e-type=\"container\">\n\t\t\t\t\t<div class=\"e-con-inner\">\n\t\t<div class=\"elementor-element elementor-element-7a98fee e-con-full e-flex e-con e-child\" data-id=\"7a98fee\" data-element_type=\"container\" data-e-type=\"container\" data-settings=\"{&quot;background_background&quot;:&quot;classic&quot;}\">\n\t\t\t\t<div class=\"elementor-element elementor-element-5cef3a2 elementor-widget elementor-widget-elementskit-page-list\" data-id=\"5cef3a2\" data-element_type=\"widget\" data-e-type=\"widget\" data-widget_type=\"elementskit-page-list.default\">\n\t\t\t\t<div class=\"elementor-widget-container\">\n\t\t\t\t\t<div class=\"ekit-wid-con\" >\t\t<div class=\"elementor-icon-list-items \">\n\t\t\t\t\t\t\t<div class=\"elementor-icon-list-item   \">\n\t\t\t\t\t\t<a class=\"elementor-repeater-item-adad92b ekit_badge_left\" href=\"https:\/\/pt.thailand-prayer.net\/index.php\/rabbits-story\/\">\n\t\t\t\t\t\t\t<div class=\"ekit_page_list_content\">\n\t\t\t\t\t\t\t\t\t\t\t\t\t\t\t\t<span class=\"elementor-icon-list-text\">\n\t\t\t\t\t\t\t\t\t<span class=\"ekit_page_list_title_title\">A hist\u00f3ria de Rabbit<\/span>\n\t\t\t\t\t\t\t\t\t\t\t\t\t\t\t\t\t<\/span>\n\t\t\t\t\t\t\t<\/div>\n\t\t\t\t\t\t\t\t\t\t\t\t\t<\/a>\n\t\t\t\t\t<\/div>\n\t\t\t\t\t\t\t\t<div class=\"elementor-icon-list-item   \">\n\t\t\t\t\t\t<a class=\"elementor-repeater-item-a56cae4 ekit_badge_left\" href=\"https:\/\/pt.thailand-prayer.net\/index.php\/rabbits-story\/\">\n\t\t\t\t\t\t\t<div class=\"ekit_page_list_content\">\n\t\t\t\t\t\t\t\t\t\t\t\t\t\t\t\t<span class=\"elementor-icon-list-text\">\n\t\t\t\t\t\t\t\t\t<span class=\"ekit_page_list_title_title\">A hist\u00f3ria de Tae<\/span>\n\t\t\t\t\t\t\t\t\t\t\t\t\t\t\t\t\t<\/span>\n\t\t\t\t\t\t\t<\/div>\n\t\t\t\t\t\t\t\t\t\t\t\t\t<\/a>\n\t\t\t\t\t<\/div>\n\t\t\t\t\t\t\t\t<div class=\"elementor-icon-list-item   \">\n\t\t\t\t\t\t<a class=\"elementor-repeater-item-c734c1a ekit_badge_left\" href=\"https:\/\/pt.thailand-prayer.net\/index.php\/puck-coos-story\/\">\n\t\t\t\t\t\t\t<div class=\"ekit_page_list_content\">\n\t\t\t\t\t\t\t\t\t\t\t\t\t\t\t\t<span class=\"elementor-icon-list-text\">\n\t\t\t\t\t\t\t\t\t<span class=\"ekit_page_list_title_title\">A hist\u00f3ria de Puck &amp; Coo<\/span>\n\t\t\t\t\t\t\t\t\t\t\t\t\t\t\t\t\t<\/span>\n\t\t\t\t\t\t\t<\/div>\n\t\t\t\t\t\t\t\t\t\t\t\t\t<\/a>\n\t\t\t\t\t<\/div>\n\t\t\t\t\t\t\t\t<div class=\"elementor-icon-list-item   \">\n\t\t\t\t\t\t<a class=\"elementor-repeater-item-5244eb0 ekit_badge_left\" href=\"https:\/\/pt.thailand-prayer.net\/index.php\/oats-story\/\">\n\t\t\t\t\t\t\t<div class=\"ekit_page_list_content\">\n\t\t\t\t\t\t\t\t\t\t\t\t\t\t\t\t<span class=\"elementor-icon-list-text\">\n\t\t\t\t\t\t\t\t\t<span class=\"ekit_page_list_title_title\">A hist\u00f3ria de Oat<\/span>\n\t\t\t\t\t\t\t\t\t\t\t\t\t\t\t\t\t<\/span>\n\t\t\t\t\t\t\t<\/div>\n\t\t\t\t\t\t\t\t\t\t\t\t\t<\/a>\n\t\t\t\t\t<\/div>\n\t\t\t\t\t\t\t\t<div class=\"elementor-icon-list-item   \">\n\t\t\t\t\t\t<a class=\"elementor-repeater-item-33990a6 ekit_badge_left\" href=\"https:\/\/pt.thailand-prayer.net\/index.php\/mrs-bricks-story\/\">\n\t\t\t\t\t\t\t<div class=\"ekit_page_list_content\">\n\t\t\t\t\t\t\t\t\t\t\t\t\t\t\t\t<span class=\"elementor-icon-list-text\">\n\t\t\t\t\t\t\t\t\t<span class=\"ekit_page_list_title_title\">A hist\u00f3ria de Brick<\/span>\n\t\t\t\t\t\t\t\t\t\t\t\t\t\t\t\t\t<\/span>\n\t\t\t\t\t\t\t<\/div>\n\t\t\t\t\t\t\t\t\t\t\t\t\t<\/a>\n\t\t\t\t\t<\/div>\n\t\t\t\t\t\t\t\t<div class=\"elementor-icon-list-item   \">\n\t\t\t\t\t\t<a class=\"elementor-repeater-item-a97f4e0 ekit_badge_left\" href=\"https:\/\/pt.thailand-prayer.net\/index.php\/jays-story\/\">\n\t\t\t\t\t\t\t<div class=\"ekit_page_list_content\">\n\t\t\t\t\t\t\t\t\t\t\t\t\t\t\t\t<span class=\"elementor-icon-list-text\">\n\t\t\t\t\t\t\t\t\t<span class=\"ekit_page_list_title_title\">A hist\u00f3ria de Jay<\/span>\n\t\t\t\t\t\t\t\t\t\t\t\t\t\t\t\t\t<\/span>\n\t\t\t\t\t\t\t<\/div>\n\t\t\t\t\t\t\t\t\t\t\t\t\t<\/a>\n\t\t\t\t\t<\/div>\n\t\t\t\t\t\t\t\t<div class=\"elementor-icon-list-item   \">\n\t\t\t\t\t\t<a class=\"elementor-repeater-item-c7c889b ekit_badge_left\" href=\"https:\/\/pt.thailand-prayer.net\/index.php\/nirans-story\/\">\n\t\t\t\t\t\t\t<div class=\"ekit_page_list_content\">\n\t\t\t\t\t\t\t\t\t\t\t\t\t\t\t\t<span class=\"elementor-icon-list-text\">\n\t\t\t\t\t\t\t\t\t<span class=\"ekit_page_list_title_title\">A hist\u00f3ria de Niran<\/span>\n\t\t\t\t\t\t\t\t\t\t\t\t\t\t\t\t\t<\/span>\n\t\t\t\t\t\t\t<\/div>\n\t\t\t\t\t\t\t\t\t\t\t\t\t<\/a>\n\t\t\t\t\t<\/div>\n\t\t\t\t\t\t\t\t<div class=\"elementor-icon-list-item   \">\n\t\t\t\t\t\t<a class=\"elementor-repeater-item-f652c04 ekit_badge_left\" href=\"https:\/\/pt.thailand-prayer.net\/index.php\/nams-story\/\">\n\t\t\t\t\t\t\t<div class=\"ekit_page_list_content\">\n\t\t\t\t\t\t\t\t\t\t\t\t\t\t\t\t<span class=\"elementor-icon-list-text\">\n\t\t\t\t\t\t\t\t\t<span class=\"ekit_page_list_title_title\">A hist\u00f3ria de Nam<\/span>\n\t\t\t\t\t\t\t\t\t\t\t\t\t\t\t\t\t<\/span>\n\t\t\t\t\t\t\t<\/div>\n\t\t\t\t\t\t\t\t\t\t\t\t\t<\/a>\n\t\t\t\t\t<\/div>\n\t\t\t\t\t\t\t\t<div class=\"elementor-icon-list-item   \">\n\t\t\t\t\t\t<a class=\"elementor-repeater-item-fdd115b ekit_badge_left\" href=\"https:\/\/pt.thailand-prayer.net\/index.php\/joes-story\/\">\n\t\t\t\t\t\t\t<div class=\"ekit_page_list_content\">\n\t\t\t\t\t\t\t\t\t\t\t\t\t\t\t\t<span class=\"elementor-icon-list-text\">\n\t\t\t\t\t\t\t\t\t<span class=\"ekit_page_list_title_title\">A hist\u00f3ria de Joe<\/span>\n\t\t\t\t\t\t\t\t\t\t\t\t\t\t\t\t\t<\/span>\n\t\t\t\t\t\t\t<\/div>\n\t\t\t\t\t\t\t\t\t\t\t\t\t<\/a>\n\t\t\t\t\t<\/div>\n\t\t\t\t\t\t\t\t<div class=\"elementor-icon-list-item   \">\n\t\t\t\t\t\t<a class=\"elementor-repeater-item-e22eea1 ekit_badge_left\" href=\"https:\/\/pt.thailand-prayer.net\/index.php\/ferns-story\/\">\n\t\t\t\t\t\t\t<div class=\"ekit_page_list_content\">\n\t\t\t\t\t\t\t\t\t\t\t\t\t\t\t\t<span class=\"elementor-icon-list-text\">\n\t\t\t\t\t\t\t\t\t<span class=\"ekit_page_list_title_title\">A hist\u00f3ria de Fern<\/span>\n\t\t\t\t\t\t\t\t\t\t\t\t\t\t\t\t\t<\/span>\n\t\t\t\t\t\t\t<\/div>\n\t\t\t\t\t\t\t\t\t\t\t\t\t<\/a>\n\t\t\t\t\t<\/div>\n\t\t\t\t\t\t\t\t<div class=\"elementor-icon-list-item   \">\n\t\t\t\t\t\t<a class=\"elementor-repeater-item-8346670 ekit_badge_left\" href=\"https:\/\/pt.thailand-prayer.net\/index.php\/mays-story\/\">\n\t\t\t\t\t\t\t<div class=\"ekit_page_list_content\">\n\t\t\t\t\t\t\t\t\t\t\t\t\t\t\t\t<span class=\"elementor-icon-list-text\">\n\t\t\t\t\t\t\t\t\t<span class=\"ekit_page_list_title_title\">A hist\u00f3ria de May<\/span>\n\t\t\t\t\t\t\t\t\t\t\t\t\t\t\t\t\t<\/span>\n\t\t\t\t\t\t\t<\/div>\n\t\t\t\t\t\t\t\t\t\t\t\t\t<\/a>\n\t\t\t\t\t<\/div>\n\t\t\t\t\t\t\t\t<div class=\"elementor-icon-list-item   \">\n\t\t\t\t\t\t<a class=\"elementor-repeater-item-fa79bd8 ekit_badge_left\" href=\"https:\/\/pt.thailand-prayer.net\/index.php\/mrs-buays-story\/\">\n\t\t\t\t\t\t\t<div class=\"ekit_page_list_content\">\n\t\t\t\t\t\t\t\t\t\t\t\t\t\t\t\t<span class=\"elementor-icon-list-text\">\n\t\t\t\t\t\t\t\t\t<span class=\"ekit_page_list_title_title\">A hist\u00f3ria da Sra. Buay<\/span>\n\t\t\t\t\t\t\t\t\t\t\t\t\t\t\t\t\t<\/span>\n\t\t\t\t\t\t\t<\/div>\n\t\t\t\t\t\t\t\t\t\t\t\t\t<\/a>\n\t\t\t\t\t<\/div>\n\t\t\t\t\t\t\t\t<div class=\"elementor-icon-list-item   \">\n\t\t\t\t\t\t<a class=\"elementor-repeater-item-47d1445 ekit_badge_left\" href=\"https:\/\/pt.thailand-prayer.net\/index.php\/malees-story-dawns-stories\/\">\n\t\t\t\t\t\t\t<div class=\"ekit_page_list_content\">\n\t\t\t\t\t\t\t\t\t\t\t\t\t\t\t\t<span class=\"elementor-icon-list-text\">\n\t\t\t\t\t\t\t\t\t<span class=\"ekit_page_list_title_title\">As hist\u00f3rias de Malee e Dawn<\/span>\n\t\t\t\t\t\t\t\t\t\t\t\t\t\t\t\t\t<\/span>\n\t\t\t\t\t\t\t<\/div>\n\t\t\t\t\t\t\t\t\t\t\t\t\t<\/a>\n\t\t\t\t\t<\/div>\n\t\t\t\t\t\t<\/div>\n\t\t<\/div>\t\t\t\t<\/div>\n\t\t\t\t<\/div>\n\t\t\t\t<\/div>\n\t\t\t\t\t<\/div>\n\t\t\t\t<\/div>\n\t\t\t\t<\/div>\n\t\t<\/div><\/li>\n<li id=\"menu-item-719\" class=\"menu-item menu-item-type-custom menu-item-object-custom menu-item-719 nav-item elementskit-mobile-builder-content\" data-vertical-menu=750px><a href=\"https:\/\/pt.thailand-prayer.net\/index.php\/concluding-thoughts\/\" class=\"ekit-menu-nav-link\">Considera\u00e7\u00f5es Finais<\/a><\/li>\n<li id=\"menu-item-720\" class=\"menu-item menu-item-type-custom menu-item-object-custom menu-item-720 nav-item elementskit-mobile-builder-content\" data-vertical-menu=750px><a href=\"https:\/\/pt.thailand-prayer.net\/index.php\/six-ways\/\" class=\"ekit-menu-nav-link\">Seis Maneiras<\/a><\/li>\n<li id=\"menu-item-1958\" class=\"menu-item menu-item-type-custom menu-item-object-custom menu-item-1958 nav-item elementskit-dropdown-has relative_position elementskit-dropdown-menu-default_width elementskit-megamenu-has elementskit-mobile-builder-content\" data-vertical-menu=750px><a class=\"ekit-menu-nav-link\">LING<i aria-hidden=\"true\" class=\"icon icon-down-arrow1 elementskit-submenu-indicator\"><\/i><\/a><div class=\"elementskit-megamenu-panel\">\t\t<div data-elementor-type=\"wp-post\" data-elementor-id=\"1959\" class=\"elementor elementor-1959\">\n\t\t\t\t<div class=\"elementor-element elementor-element-1ab9398 e-flex e-con-boxed e-con e-parent\" data-id=\"1ab9398\" data-element_type=\"container\" data-e-type=\"container\">\n\t\t\t\t\t<div class=\"e-con-inner\">\n\t\t<div class=\"elementor-element elementor-element-bb6e4ce e-con-full e-flex e-con e-child\" data-id=\"bb6e4ce\" data-element_type=\"container\" data-e-type=\"container\" data-settings=\"{&quot;background_background&quot;:&quot;classic&quot;}\">\n\t\t\t\t<div class=\"elementor-element elementor-element-64509c1 elementor-widget elementor-widget-heading\" data-id=\"64509c1\" data-element_type=\"widget\" data-e-type=\"widget\" data-widget_type=\"heading.default\">\n\t\t\t\t<div class=\"elementor-widget-container\">\n\t\t\t\t\t<h6 class=\"elementor-heading-title elementor-size-default\"><a href=\"https:\/\/de.thailand-prayer.net\/\">DE<\/a><\/h6>\t\t\t\t<\/div>\n\t\t\t\t<\/div>\n\t\t\t\t<div class=\"elementor-element elementor-element-74b0d06 elementor-widget elementor-widget-heading\" data-id=\"74b0d06\" data-element_type=\"widget\" data-e-type=\"widget\" data-widget_type=\"heading.default\">\n\t\t\t\t<div class=\"elementor-widget-container\">\n\t\t\t\t\t<h6 class=\"elementor-heading-title elementor-size-default\"><a href=\"https:\/\/thailand-prayer.net\/\">EN<\/a><\/h6>\t\t\t\t<\/div>\n\t\t\t\t<\/div>\n\t\t\t\t<div class=\"elementor-element elementor-element-3bdccd1 elementor-widget elementor-widget-heading\" data-id=\"3bdccd1\" data-element_type=\"widget\" data-e-type=\"widget\" data-widget_type=\"heading.default\">\n\t\t\t\t<div class=\"elementor-widget-container\">\n\t\t\t\t\t<h6 class=\"elementor-heading-title elementor-size-default\"><a href=\"https:\/\/kr.thailand-prayer.net\/\">KR<\/a><\/h6>\t\t\t\t<\/div>\n\t\t\t\t<\/div>\n\t\t\t\t<div class=\"elementor-element elementor-element-7f30402 elementor-widget elementor-widget-heading\" data-id=\"7f30402\" data-element_type=\"widget\" data-e-type=\"widget\" data-widget_type=\"heading.default\">\n\t\t\t\t<div class=\"elementor-widget-container\">\n\t\t\t\t\t<h6 class=\"elementor-heading-title elementor-size-default\"><a href=\"https:\/\/pt.thailand-prayer.net\/\">PT<\/a><\/h6>\t\t\t\t<\/div>\n\t\t\t\t<\/div>\n\t\t\t\t<div class=\"elementor-element elementor-element-40b7b58 elementor-widget elementor-widget-heading\" data-id=\"40b7b58\" data-element_type=\"widget\" data-e-type=\"widget\" data-widget_type=\"heading.default\">\n\t\t\t\t<div class=\"elementor-widget-container\">\n\t\t\t\t\t<h6 class=\"elementor-heading-title elementor-size-default\"><a href=\"https:\/\/tw.thailand-prayer.net\/\">TW<\/a><\/h6>\t\t\t\t<\/div>\n\t\t\t\t<\/div>\n\t\t\t\t<\/div>\n\t\t\t\t\t<\/div>\n\t\t\t\t<\/div>\n\t\t\t\t<\/div>\n\t\t<\/div><\/li>\n<\/ul><div class=\"elementskit-nav-identity-panel\"><button class=\"elementskit-menu-close elementskit-menu-toggler\" type=\"button\">X<\/button><\/div><\/div>\n\t\t\t<div class=\"elementskit-menu-overlay elementskit-menu-offcanvas-elements elementskit-menu-toggler ekit-nav-menu--overlay\"><\/div>        <\/nav>\n\t\t\t\t\t\t<\/div>\n\t\t\t\t<\/div>\n\t\t<div class=\"elementor-element elementor-element-e147e92 e-flex e-con-boxed e-con e-child\" data-id=\"e147e92\" data-element_type=\"container\" data-e-type=\"container\" data-settings=\"{&quot;background_background&quot;:&quot;classic&quot;}\">\n\t\t\t\t\t<div class=\"e-con-inner\">\n\t\t\t\t<div class=\"elementor-element elementor-element-902fcf1 elementor-widget elementor-widget-image\" data-id=\"902fcf1\" data-element_type=\"widget\" data-e-type=\"widget\" data-widget_type=\"image.default\">\n\t\t\t\t<div class=\"elementor-widget-container\">\n\t\t\t\t\t\t\t\t\t\t\t\t\t\t\t<img fetchpriority=\"high\" decoding=\"async\" width=\"800\" height=\"160\" src=\"https:\/\/pt.thailand-prayer.net\/wp-content\/uploads\/2026\/04\/intro-title3.png\" class=\"attachment-large size-large wp-image-2158\" alt=\"\" srcset=\"https:\/\/pt.thailand-prayer.net\/wp-content\/uploads\/2026\/04\/intro-title3.png 1008w, https:\/\/pt.thailand-prayer.net\/wp-content\/uploads\/2026\/04\/intro-title3-300x60.png 300w, https:\/\/pt.thailand-prayer.net\/wp-content\/uploads\/2026\/04\/intro-title3-768x154.png 768w\" sizes=\"(max-width: 800px) 100vw, 800px\" \/>\t\t\t\t\t\t\t\t\t\t\t\t\t\t\t<\/div>\n\t\t\t\t<\/div>\n\t\t<div class=\"elementor-element elementor-element-b761488 e-flex e-con-boxed e-con e-child\" data-id=\"b761488\" data-element_type=\"container\" data-e-type=\"container\">\n\t\t\t\t\t<div class=\"e-con-inner\">\n\t\t\t\t<div class=\"elementor-element elementor-element-1d5ebd1 elementor-widget-mobile__width-initial elementor-widget__width-initial elementor-widget elementor-widget-image\" data-id=\"1d5ebd1\" data-element_type=\"widget\" data-e-type=\"widget\" data-widget_type=\"image.default\">\n\t\t\t\t<div class=\"elementor-widget-container\">\n\t\t\t\t\t\t\t\t\t\t\t\t\t\t\t<img decoding=\"async\" width=\"392\" height=\"1024\" src=\"https:\/\/pt.thailand-prayer.net\/wp-content\/uploads\/2024\/02\/intro-smiles-392x1024.png\" class=\"attachment-large size-large wp-image-1866\" alt=\"\" srcset=\"https:\/\/pt.thailand-prayer.net\/wp-content\/uploads\/2024\/02\/intro-smiles-392x1024.png 392w, https:\/\/pt.thailand-prayer.net\/wp-content\/uploads\/2024\/02\/intro-smiles-115x300.png 115w, https:\/\/pt.thailand-prayer.net\/wp-content\/uploads\/2024\/02\/intro-smiles.png 533w\" sizes=\"(max-width: 392px) 100vw, 392px\" \/>\t\t\t\t\t\t\t\t\t\t\t\t\t\t\t<\/div>\n\t\t\t\t<\/div>\n\t\t<div class=\"elementor-element elementor-element-92dd397 e-flex e-con-boxed e-con e-child\" data-id=\"92dd397\" data-element_type=\"container\" data-e-type=\"container\">\n\t\t\t\t\t<div class=\"e-con-inner\">\n\t\t\t\t<div class=\"elementor-element elementor-element-9f5e1c2 elementor-drop-cap-yes elementor-drop-cap-view-default elementor-widget elementor-widget-text-editor\" data-id=\"9f5e1c2\" data-element_type=\"widget\" data-e-type=\"widget\" data-settings=\"{&quot;drop_cap&quot;:&quot;yes&quot;}\" data-widget_type=\"text-editor.default\">\n\t\t\t\t<div class=\"elementor-widget-container\">\n\t\t\t\t\t\t\t\t\t<p>A Tail\u00e2ndia \u00e9 conhecida como &#8220;a terra dos sorrisos&#8221; e usa essa imagem para atrair turistas. Quem visita o pa\u00eds geralmente se impressiona com a simpatia e os sorrisos dos tailandeses. Como em qualquer lugar, as pessoas sorriem por diferentes motivos. Um sorriso pode\u00a0 re\ufb02etir alegria genu\u00edna ou esconder um cora\u00e7\u00e3o cheio de dor. Neste guia, vamos explorar os diversos tipos de sorrisos (a palavra tailandesa para sorriso \u00e9 yim) e o que eles revelam sobre o cora\u00e7\u00e3o de quem sorri. Os pr\u00f3prios tailandeses entendem essa nuance. Em uma ocasi\u00e3o, um primeiro-ministro tailand\u00eas respondeu a uma pergunta apenas sorrindo de diferentes formas durante uma coletiva de imprensa. Nenhuma palavra foi dita,<br \/>mas a mensagem foi clara.<\/p><p>O sorriso \u00e9 a apresenta\u00e7\u00e3o exterior, mas sabemos que ele pode revelar ou ocultar o estado do cora\u00e7\u00e3o.<\/p><p>Basta pensar nos sorrisos de um casal no dia do casamento, nos sorrisos de uma fam\u00edlia recebendo amigos em um funeral ou no sorriso de um vendedor tentando fechar uma compra. Este guia busca ir al\u00e9m da apar\u00eancia e olhar para o cora\u00e7\u00e3o.<\/p><p>O idioma tailand\u00eas tem muitas express\u00f5es compostas relacionadas ao cora\u00e7\u00e3o, ricas em significado e nuances. Jai-yen significa &#8220;cora\u00e7\u00e3o frio&#8221; (uma qualidade positiva indicando paci\u00eancia e autocontrole), mas invertendo a ordem<br \/>para yen-jai, a express\u00e3o significa que algu\u00e9m faleceu.<\/p><p>O evangelho de Jesus Cristo fala diretamente ao cora\u00e7\u00e3o. Ele n\u00e3o se preocupa com apar\u00eancias, mas com o que est\u00e1 dentro. O desejo de Deus \u00e9 transformar cora\u00e7\u00f5es, e nossas ora\u00e7\u00f5es devem ir al\u00e9m do que \u00e9 vis\u00edvel para alcan\u00e7ar o que realmente importa. Nosso objetivo \u00e9 que este guia te ajude a compreender melhor a Tail\u00e2ndia e a orar por seu povo. As hist\u00f3rias aqui contadas s\u00e3o baseadas em eventos reais e respostas verdadeiras \u00e0 ora\u00e7\u00e3o.<\/p><p>Os nomes e alguns detalhes foram alterados para proteger a identidade das pessoas envolvidas.<\/p>\t\t\t\t\t\t\t\t<\/div>\n\t\t\t\t<\/div>\n\t\t\t\t\t<\/div>\n\t\t\t\t<\/div>\n\t\t\t\t\t<\/div>\n\t\t\t\t<\/div>\n\t\t\t\t\t<\/div>\n\t\t\t\t<\/div>\n\t\t\t\t\t<\/div>\n\t\t\t\t<\/div>\n\t\t<div class=\"elementor-element elementor-element-138f2e6 e-flex e-con-boxed e-con e-parent\" data-id=\"138f2e6\" data-element_type=\"container\" data-e-type=\"container\">\n\t\t\t\t\t<div class=\"e-con-inner\">\n\t\t\t\t<div class=\"elementor-element elementor-element-f641bc4 elementor-widget elementor-widget-button\" data-id=\"f641bc4\" data-element_type=\"widget\" data-e-type=\"widget\" data-widget_type=\"button.default\">\n\t\t\t\t<div class=\"elementor-widget-container\">\n\t\t\t\t\t\t\t\t\t<div class=\"elementor-button-wrapper\">\n\t\t\t\t\t<a class=\"elementor-button elementor-button-link elementor-size-md\" href=\"https:\/\/pt.thailand-prayer.net\/\">\n\t\t\t\t\t\t<span class=\"elementor-button-content-wrapper\">\n\t\t\t\t\t\t<span class=\"elementor-button-icon\">\n\t\t\t\t<i aria-hidden=\"true\" class=\"fas fa-angle-left\"><\/i>\t\t\t<\/span>\n\t\t\t\t\t\t\t\t\t<span class=\"elementor-button-text\">P\u00e1gina Inicial<\/span>\n\t\t\t\t\t<\/span>\n\t\t\t\t\t<\/a>\n\t\t\t\t<\/div>\n\t\t\t\t\t\t\t\t<\/div>\n\t\t\t\t<\/div>\n\t\t\t\t<div class=\"elementor-element elementor-element-3e618fb elementor-widget elementor-widget-spacer\" data-id=\"3e618fb\" data-element_type=\"widget\" data-e-type=\"widget\" data-widget_type=\"spacer.default\">\n\t\t\t\t<div class=\"elementor-widget-container\">\n\t\t\t\t\t\t\t<div class=\"elementor-spacer\">\n\t\t\t<div class=\"elementor-spacer-inner\"><\/div>\n\t\t<\/div>\n\t\t\t\t\t\t<\/div>\n\t\t\t\t<\/div>\n\t\t\t\t<div class=\"elementor-element elementor-element-6dd7db4 elementor-widget elementor-widget-button\" data-id=\"6dd7db4\" data-element_type=\"widget\" data-e-type=\"widget\" data-widget_type=\"button.default\">\n\t\t\t\t<div class=\"elementor-widget-container\">\n\t\t\t\t\t\t\t\t\t<div class=\"elementor-button-wrapper\">\n\t\t\t\t\t<a class=\"elementor-button elementor-button-link elementor-size-md\" href=\"https:\/\/pt.thailand-prayer.net\/index.php\/how-to-use-this-website\/\">\n\t\t\t\t\t\t<span class=\"elementor-button-content-wrapper\">\n\t\t\t\t\t\t<span class=\"elementor-button-icon\">\n\t\t\t\t<i aria-hidden=\"true\" class=\"fas fa-angle-right\"><\/i>\t\t\t<\/span>\n\t\t\t\t\t\t\t\t\t<span class=\"elementor-button-text\">Como usar este guid?<\/span>\n\t\t\t\t\t<\/span>\n\t\t\t\t\t<\/a>\n\t\t\t\t<\/div>\n\t\t\t\t\t\t\t\t<\/div>\n\t\t\t\t<\/div>\n\t\t\t\t\t<\/div>\n\t\t\t\t<\/div>\n\t\t\t\t<\/div>\n\t\t","protected":false},"excerpt":{"rendered":"<p>A Tail\u00e2ndia, conhecida como a &#8220;terra dos sorrisos&#8221;, \u00e9 uma na\u00e7\u00e3o de pessoas que t\u00eam dezenas de sorrisos para expressar seus sentimentos. Alguns sorrisos demonstram felicidade genu\u00edna. Outros mascaram uma profunda tristeza. Independentemente do sorriso exibido, Jesus conhece e ama a pessoa por tr\u00e1s dele.<\/p>\n","protected":false},"author":1,"featured_media":0,"parent":0,"menu_order":0,"comment_status":"closed","ping_status":"closed","template":"","meta":{"_monsterinsights_skip_tracking":false,"_monsterinsights_sitenote_active":false,"_monsterinsights_sitenote_note":"","_monsterinsights_sitenote_category":0,"h5ap_radio_sources":[],"footnotes":""},"class_list":["post-537","page","type-page","status-publish","hentry"],"aioseo_notices":[],"_links":{"self":[{"href":"https:\/\/pt.thailand-prayer.net\/index.php\/wp-json\/wp\/v2\/pages\/537","targetHints":{"allow":["GET"]}}],"collection":[{"href":"https:\/\/pt.thailand-prayer.net\/index.php\/wp-json\/wp\/v2\/pages"}],"about":[{"href":"https:\/\/pt.thailand-prayer.net\/index.php\/wp-json\/wp\/v2\/types\/page"}],"author":[{"embeddable":true,"href":"https:\/\/pt.thailand-prayer.net\/index.php\/wp-json\/wp\/v2\/users\/1"}],"replies":[{"embeddable":true,"href":"https:\/\/pt.thailand-prayer.net\/index.php\/wp-json\/wp\/v2\/comments?post=537"}],"version-history":[{"count":98,"href":"https:\/\/pt.thailand-prayer.net\/index.php\/wp-json\/wp\/v2\/pages\/537\/revisions"}],"predecessor-version":[{"id":2200,"href":"https:\/\/pt.thailand-prayer.net\/index.php\/wp-json\/wp\/v2\/pages\/537\/revisions\/2200"}],"wp:attachment":[{"href":"https:\/\/pt.thailand-prayer.net\/index.php\/wp-json\/wp\/v2\/media?parent=537"}],"curies":[{"name":"wp","href":"https:\/\/api.w.org\/{rel}","templated":true}]}}